{"id":43,"date":"2019-01-08T12:13:19","date_gmt":"2019-01-08T11:13:19","guid":{"rendered":"http:\/\/barreaudemontlucon.com\/?page_id=43"},"modified":"2019-02-12T10:56:48","modified_gmt":"2019-02-12T09:56:48","slug":"la-formation-continue","status":"publish","type":"page","link":"https:\/\/barreaudemontlucon.com\/index.php\/la-formation-continue\/","title":{"rendered":"La formation continue"},"content":{"rendered":"\n<h1 class=\"wp-block-heading\">LA FORMATION CONTINUE OBLIGATOIRE<\/h1>\n\n\n\n<p>L\u2019Avocat doit constamment mettre \u00e0 jour ses connaissances, il a l\u2019obligation au cours de sa carri\u00e8re de se former.<\/p>\n\n\n\n<p>La Loi du 11 f\u00e9vrier 2004 modifiant l\u2019article 14-2 de la Loi du 31 d\u00e9cembre 1971 instaure l\u2019obligation, pour chaque avocat inscrit au Tableau de l\u2019Ordre, de s\u2019astreindre annuellement \u00e0 une formation professionnelle continue obligatoire :<\/p>\n\n\n\n<p><em>\u00ab La formation continue assure la mise \u00e0 jour et le perfectionnement des connaissances<\/em><\/p>\n\n\n\n<p><em>n\u00e9cessaires \u00e0 l\u2019exercice de sa profession pour l\u2019avocat inscrit au Tableau de l\u2019Ordre. \u00bb<\/em><\/p>\n\n\n\n<p>L\u2019article 85 du d\u00e9cret entr\u00e9 en vigueur le 1 janvier 2005 dispose que :<\/p>\n\n\n\n<p><em>\u00ab La dur\u00e9e de la formation continue est de vingt heures au cours d\u2019une ann\u00e9e civile ou de<\/em><\/p>\n\n\n\n<p><em>quarante heures au cours de deux ann\u00e9es cons\u00e9cutives. \u00bb<\/em><\/p>\n\n\n\n<p>\u00ab L\u2019obligation de formation continue est satisfaite :<\/p>\n\n\n\n<p>1\/ par la participation \u00e0 des actions de formation, \u00e0 caract\u00e8re juridique ou professionnel, dispens\u00e9es par les centres r\u00e9gionaux de formation professionnelle ou les \u00e9tablissements universitaires ;<\/p>\n\n\n\n<p>2\/ par la participation \u00e0 des formations dispens\u00e9es par des avocats ou d\u2019autres \u00e9tablissements d\u2019enseignement ;<\/p>\n\n\n\n<p>3\/ par l\u2019assistance \u00e0 des colloques ou \u00e0 des conf\u00e9rences \u00e0 caract\u00e8re juridique ayant un lien avec l\u2019activit\u00e9 professionnelle des avocats ;<\/p>\n\n\n\n<p>4\/ par la dispense d\u2019enseignements \u00e0 caract\u00e8re juridique ayant un lien avec l\u2019activit\u00e9 professionnelle des avocats, dans un cadre universitaire ou professionnel ;<\/p>\n\n\n\n<p>5\/ par la publication de travaux \u00e0 caract\u00e8re juridique.\u00bb<\/p>\n\n\n\n<p>Le Conseil National des Barreaux d\u00e9termine les modalit\u00e9s selon lesquelles devra s\u2019accomplir l\u2019obligation de formation continue de l\u2019avocat.<\/p>\n\n\n\n<p>Le Conseil National des Barreaux a ainsi adopt\u00e9, le 11 f\u00e9vrier 2005, une d\u00e9cision \u00e0caract\u00e8re normatif n\u00b0 2005-01 modifi\u00e9e, laquelle a elle-m\u00eame \u00e9t\u00e9 modifi\u00e9e par les d\u00e9cisions n\u00b0 2005-2 et 2005-4.<\/p>\n\n\n\n<p>Tout Avocat est responsable de sa formation<\/p>\n\n\n\n<ul><li>Il doit \u00e0 cette fin accomplir un certain nombre d\u2019actions, conform\u00e9ment aux dispositions de la loi, du d\u00e9cret et des r\u00e8gles normatives fix\u00e9es par le Conseil National des Barreaux.<\/li><li>Il doit en outre d\u00e9clarer au plus tard le 31 janvier de chaque ann\u00e9e civile \u00e9coul\u00e9e, aupr\u00e8s du Conseil de l\u2019Ordre dont il rel\u00e8ve, les conditions dans lesquelles il a satisfait \u00e0 son obligation de formation continue en joignant \u00e0 sa d\u00e9claration les justificatifs utiles \u00e0 la v\u00e9rification du respect de cette obligation.<\/li><\/ul>\n","protected":false},"excerpt":{"rendered":"<p>LA FORMATION CONTINUE OBLIGATOIRE L\u2019Avocat doit constamment mettre \u00e0 jour ses connaissances, il a l\u2019obligation au cours de sa carri\u00e8re de se former. La Loi du 11 f\u00e9vrier 2004 modifiant l\u2019article 14-2 de la Loi du 31 d\u00e9cembre 1971 instaure l\u2019obligation, pour chaque avocat inscrit au Tableau de l\u2019Ordre, de s\u2019astreindre annuellement \u00e0 une formation&hellip; <br \/> <a class=\"read-more\" href=\"https:\/\/barreaudemontlucon.com\/index.php\/la-formation-continue\/\">Lire la suite<\/a><\/p>\n","protected":false},"author":1,"featured_media":0,"parent":0,"menu_order":0,"comment_status":"closed","ping_status":"closed","template":"","meta":{"footnotes":""},"_links":{"self":[{"href":"https:\/\/barreaudemontlucon.com\/index.php\/wp-json\/wp\/v2\/pages\/43"}],"collection":[{"href":"https:\/\/barreaudemontlucon.com\/index.php\/wp-json\/wp\/v2\/pages"}],"about":[{"href":"https:\/\/barreaudemontlucon.com\/index.php\/wp-json\/wp\/v2\/types\/page"}],"author":[{"embeddable":true,"href":"https:\/\/barreaudemontlucon.com\/index.php\/wp-json\/wp\/v2\/users\/1"}],"replies":[{"embeddable":true,"href":"https:\/\/barreaudemontlucon.com\/index.php\/wp-json\/wp\/v2\/comments?post=43"}],"version-history":[{"count":2,"href":"https:\/\/barreaudemontlucon.com\/index.php\/wp-json\/wp\/v2\/pages\/43\/revisions"}],"predecessor-version":[{"id":190,"href":"https:\/\/barreaudemontlucon.com\/index.php\/wp-json\/wp\/v2\/pages\/43\/revisions\/190"}],"wp:attachment":[{"href":"https:\/\/barreaudemontlucon.com\/index.php\/wp-json\/wp\/v2\/media?parent=43"}],"curies":[{"name":"wp","href":"https:\/\/api.w.org\/{rel}","templated":true}]}}